{"id":99,"date":"2025-08-01T20:25:33","date_gmt":"2025-08-02T01:25:33","guid":{"rendered":"http:\/\/lcwwamericas.com\/?post_type=product&#038;p=99"},"modified":"2025-08-28T20:30:55","modified_gmt":"2025-08-29T01:30:55","slug":"registro-individual-de-gatos","status":"publish","type":"product","link":"https:\/\/lcwwamericas.com\/en\/product\/registro-individual-de-gatos\/","title":{"rendered":"INDIVIDUAL CAT REGISTRATION"},"content":{"rendered":"<ul>\n<li>For pedigree cats. Maximum of 45 characters, including prefix, \"of\", suffix and spaces.<\/li>\n<li>Please send the required paperwork (a registration certificate and\/or a pedigree of another association) to servicesamericas@lcwwgroup.com  along with your order number<\/li>\n<li>For more details please reach out to <a href=\"mailto:servicesamericas@lcwwgroup.com\"><strong>servicesamericas@lcwwgroup.com<\/strong><\/a><\/li>\n<\/ul>\n<p>Individual Cat Registration\nUS 25\nFor pedigreed cats.<br \/>\nMaximum of 45 characters, including prefix, \"of\", suffix and spaces.<\/p>\n<p>5 x Cat Registrations \nUS100<br \/>\nEmail Registrations\/Pedigrees to (serviesamericas@lcwwgroup.com)<\/p>\n<style>.quantity{display:none!important;}div#select_2316057348{display:none;}<\/style>","protected":false},"excerpt":{"rendered":"<p>Para gatos con pedigr\u00ed. M\u00e1ximo de 45 caracteres, incluyendo prefijo, &#8220;de&#8221;, sufijo y espacios. Env\u00ede la documentaci\u00f3n necesaria (certificado de registro o pedigr\u00ed de otra asociaci\u00f3n) a servicesamericas@lcwwgroup.com junto con su n\u00famero de pedido. Para obtener m\u00e1s detalles, comun\u00edquese con servicesamericas@lcwwgroup.com Registro individual de gatos US25 Para gatos con pedigr\u00ed. M\u00e1ximo de 45 caracteres, incluyendo [&hellip;]<\/p>","protected":false},"featured_media":0,"template":"","meta":[],"product_brand":[],"product_cat":[17],"product_tag":[],"class_list":{"0":"post-99","1":"product","2":"type-product","3":"status-publish","5":"product_cat-sin-categorizar","6":"wcpa_has_options","8":"first","9":"instock","10":"shipping-taxable","11":"purchasable","12":"product-type-variable","13":"has-default-attributes"},"_links":{"self":[{"href":"https:\/\/lcwwamericas.com\/en\/wp-json\/wp\/v2\/product\/99","targetHints":{"allow":["GET"]}}],"collection":[{"href":"https:\/\/lcwwamericas.com\/en\/wp-json\/wp\/v2\/product"}],"about":[{"href":"https:\/\/lcwwamericas.com\/en\/wp-json\/wp\/v2\/types\/product"}],"wp:attachment":[{"href":"https:\/\/lcwwamericas.com\/en\/wp-json\/wp\/v2\/media?parent=99"}],"wp:term":[{"taxonomy":"product_brand","embeddable":true,"href":"https:\/\/lcwwamericas.com\/en\/wp-json\/wp\/v2\/product_brand?post=99"},{"taxonomy":"product_cat","embeddable":true,"href":"https:\/\/lcwwamericas.com\/en\/wp-json\/wp\/v2\/product_cat?post=99"},{"taxonomy":"product_tag","embeddable":true,"href":"https:\/\/lcwwamericas.com\/en\/wp-json\/wp\/v2\/product_tag?post=99"}],"curies":[{"name":"wp","href":"https:\/\/api.w.org\/{rel}","templated":true}]}}