{"id":98,"date":"2025-08-01T20:19:40","date_gmt":"2025-08-02T01:19:40","guid":{"rendered":"http:\/\/lcwwamericas.com\/?post_type=product&#038;p=98"},"modified":"2025-08-09T21:33:47","modified_gmt":"2025-08-10T02:33:47","slug":"registro-de-criadero","status":"publish","type":"product","link":"https:\/\/lcwwamericas.com\/en\/product\/registro-de-criadero\/","title":{"rendered":"CATTERY REGISTRATION"},"content":{"rendered":"<ul>\n<li>One discounted cattery for Lifetime and Annual Friends.<\/li>\n<li>Any additional are paid in full with maximum of three catteries per person.<\/li>\n<li>All catteries can be at most 15 characters with no spaces allowed.<\/li>\n<li>Information regarding your purchase will be sent to you within 5 working days.<\/li>\n<\/ul>\n<p><strong>us 100 <\/strong><\/p>","protected":false},"excerpt":{"rendered":"<p>Un criadero con descuento para Amigos de por Vida y Anuales. Los adicionales se pagan en su totalidad, con un m\u00e1ximo de tres criaderos por persona. Todos los criaderos pueden tener un m\u00e1ximo de 15 caracteres, sin espacios. Le enviaremos informaci\u00f3n sobre su compra en un plazo de 5 d\u00edas h\u00e1biles. 100 d\u00f3lares<\/p>","protected":false},"featured_media":0,"template":"","meta":[],"product_brand":[],"product_cat":[17],"product_tag":[],"class_list":{"0":"post-98","1":"product","2":"type-product","3":"status-publish","5":"product_cat-sin-categorizar","6":"wcpa_has_options","8":"first","9":"instock","10":"shipping-taxable","11":"purchasable","12":"product-type-simple"},"_links":{"self":[{"href":"https:\/\/lcwwamericas.com\/en\/wp-json\/wp\/v2\/product\/98","targetHints":{"allow":["GET"]}}],"collection":[{"href":"https:\/\/lcwwamericas.com\/en\/wp-json\/wp\/v2\/product"}],"about":[{"href":"https:\/\/lcwwamericas.com\/en\/wp-json\/wp\/v2\/types\/product"}],"wp:attachment":[{"href":"https:\/\/lcwwamericas.com\/en\/wp-json\/wp\/v2\/media?parent=98"}],"wp:term":[{"taxonomy":"product_brand","embeddable":true,"href":"https:\/\/lcwwamericas.com\/en\/wp-json\/wp\/v2\/product_brand?post=98"},{"taxonomy":"product_cat","embeddable":true,"href":"https:\/\/lcwwamericas.com\/en\/wp-json\/wp\/v2\/product_cat?post=98"},{"taxonomy":"product_tag","embeddable":true,"href":"https:\/\/lcwwamericas.com\/en\/wp-json\/wp\/v2\/product_tag?post=98"}],"curies":[{"name":"wp","href":"https:\/\/api.w.org\/{rel}","templated":true}]}}