{"id":172,"date":"2025-08-09T20:41:31","date_gmt":"2025-08-10T01:41:31","guid":{"rendered":"http:\/\/lcwwamericas.com\/?post_type=product&#038;p=172"},"modified":"2025-09-02T21:06:19","modified_gmt":"2025-09-03T02:06:19","slug":"registro-de-camadas-y-gatitos-individuales","status":"publish","type":"product","link":"https:\/\/lcwwamericas.com\/en\/product\/registro-de-camadas-y-gatitos-individuales\/","title":{"rendered":"Litter and Individual Kitten Registration"},"content":{"rendered":"<ul>\n<li>For more details please reach out to <strong>servicesamericas@lcwwgroup.com<\/strong><\/li>\n<li>Only cats registered with LCWW. If information such as the kitten's name or owner is missing because it is pending, write \"pending\" in the corresponding fields and send an email to <strong>servicesamericas@lcwwgroup.com<\/strong> with the kitten's registration number when we have the information to update it.<\/li>\n<li>In case of stallion service, please send us the agreement with the stallion owner.<\/li>\n<\/ul>\n<style>\n.quantity {\n    display: none !important;\n}\n.wcpa_row.wcpa_row_index_10 {\n    DISPLAY: NONE;\n}<\/p>\n<\/style>","protected":false},"excerpt":{"rendered":"<p>Para obtener m\u00e1s detalles, comun\u00edquese con servicesamericas@lcwwgroup.com Solo gatos registrados en LCWW. Si falta informaci\u00f3n como el nombre o el due\u00f1o del gatito porque esta en tr\u00e1mite escriba &#8220;pendiente&#8221; en los campos correspondientes y env\u00ede un correo electr\u00f3nico a servicesamericas@lcwwgroup.com con el n\u00famero de registro del gatito cuando tengamos la informaci\u00f3n para actualizarla. En caso [&hellip;]<\/p>","protected":false},"featured_media":0,"template":"","meta":[],"product_brand":[],"product_cat":[17],"product_tag":[],"class_list":{"0":"post-172","1":"product","2":"type-product","3":"status-publish","5":"product_cat-sin-categorizar","6":"wcpa_has_options","8":"first","9":"instock","10":"shipping-taxable","11":"purchasable","12":"product-type-variable"},"_links":{"self":[{"href":"https:\/\/lcwwamericas.com\/en\/wp-json\/wp\/v2\/product\/172","targetHints":{"allow":["GET"]}}],"collection":[{"href":"https:\/\/lcwwamericas.com\/en\/wp-json\/wp\/v2\/product"}],"about":[{"href":"https:\/\/lcwwamericas.com\/en\/wp-json\/wp\/v2\/types\/product"}],"wp:attachment":[{"href":"https:\/\/lcwwamericas.com\/en\/wp-json\/wp\/v2\/media?parent=172"}],"wp:term":[{"taxonomy":"product_brand","embeddable":true,"href":"https:\/\/lcwwamericas.com\/en\/wp-json\/wp\/v2\/product_brand?post=172"},{"taxonomy":"product_cat","embeddable":true,"href":"https:\/\/lcwwamericas.com\/en\/wp-json\/wp\/v2\/product_cat?post=172"},{"taxonomy":"product_tag","embeddable":true,"href":"https:\/\/lcwwamericas.com\/en\/wp-json\/wp\/v2\/product_tag?post=172"}],"curies":[{"name":"wp","href":"https:\/\/api.w.org\/{rel}","templated":true}]}}