{"id":170,"date":"2025-08-09T20:40:35","date_gmt":"2025-08-10T01:40:35","guid":{"rendered":"http:\/\/lcwwamericas.com\/?post_type=product&#038;p=170"},"modified":"2025-08-25T22:01:15","modified_gmt":"2025-08-26T03:01:15","slug":"sufijo-de-criadero","status":"publish","type":"product","link":"https:\/\/lcwwamericas.com\/en\/product\/sufijo-de-criadero\/","title":{"rendered":"CATTERY SUFFIX"},"content":{"rendered":"<li>For more details please reach out to <a href=\"mailto:servicesuk-eu@lcwwgroup.com\"><strong>serviciosuk-eu@lcwwgroup.com<\/strong><\/a><\/li>\n<p><strong>US 15<\/strong><\/p>\n<p><strong>(Suffix (name) added after LCWW registration) <\/strong><\/p>","protected":false},"excerpt":{"rendered":"<p>Para obtener m\u00e1s detalles, comun\u00edquese con serviciosuk-eu@lcwwgroup.com 15 DOLARES (Sufijo (nombre) a\u00f1adido despu\u00e9s del registro de LCWW)<\/p>","protected":false},"featured_media":0,"template":"","meta":[],"product_brand":[],"product_cat":[17],"product_tag":[],"class_list":{"0":"post-170","1":"product","2":"type-product","3":"status-publish","5":"product_cat-sin-categorizar","6":"wcpa_has_options","8":"first","9":"instock","10":"shipping-taxable","11":"purchasable","12":"product-type-simple"},"_links":{"self":[{"href":"https:\/\/lcwwamericas.com\/en\/wp-json\/wp\/v2\/product\/170","targetHints":{"allow":["GET"]}}],"collection":[{"href":"https:\/\/lcwwamericas.com\/en\/wp-json\/wp\/v2\/product"}],"about":[{"href":"https:\/\/lcwwamericas.com\/en\/wp-json\/wp\/v2\/types\/product"}],"wp:attachment":[{"href":"https:\/\/lcwwamericas.com\/en\/wp-json\/wp\/v2\/media?parent=170"}],"wp:term":[{"taxonomy":"product_brand","embeddable":true,"href":"https:\/\/lcwwamericas.com\/en\/wp-json\/wp\/v2\/product_brand?post=170"},{"taxonomy":"product_cat","embeddable":true,"href":"https:\/\/lcwwamericas.com\/en\/wp-json\/wp\/v2\/product_cat?post=170"},{"taxonomy":"product_tag","embeddable":true,"href":"https:\/\/lcwwamericas.com\/en\/wp-json\/wp\/v2\/product_tag?post=170"}],"curies":[{"name":"wp","href":"https:\/\/api.w.org\/{rel}","templated":true}]}}