{"id":169,"date":"2025-08-09T20:39:52","date_gmt":"2025-08-10T01:39:52","guid":{"rendered":"http:\/\/lcwwamericas.com\/?post_type=product&#038;p=169"},"modified":"2025-08-12T16:24:28","modified_gmt":"2025-08-12T21:24:28","slug":"registro-de-club","status":"publish","type":"product","link":"https:\/\/lcwwamericas.com\/en\/product\/registro-de-club\/","title":{"rendered":"CLUB CHARTER"},"content":{"rendered":"<li>For more details please reach out to <a href=\"mailto:servicesamericas@lcwwgroup.com\"><strong>servicesamericas@lcwwgroup.com<\/strong><\/a><\/li>\n<p><strong>Register a new Charter Club<\/strong><\/p>\n<p><strong>us 100<\/strong><\/p>","protected":false},"excerpt":{"rendered":"<p>Para obtener m\u00e1s detalles, comun\u00edquese con servicesamericas@lcwwgroup.com Registrar un nuevo Charter Club 100 d\u00f3lares<\/p>","protected":false},"featured_media":0,"template":"","meta":[],"product_brand":[],"product_cat":[17],"product_tag":[],"class_list":{"0":"post-169","1":"product","2":"type-product","3":"status-publish","5":"product_cat-sin-categorizar","6":"wcpa_has_options","8":"first","9":"instock","10":"shipping-taxable","11":"purchasable","12":"product-type-simple"},"_links":{"self":[{"href":"https:\/\/lcwwamericas.com\/en\/wp-json\/wp\/v2\/product\/169","targetHints":{"allow":["GET"]}}],"collection":[{"href":"https:\/\/lcwwamericas.com\/en\/wp-json\/wp\/v2\/product"}],"about":[{"href":"https:\/\/lcwwamericas.com\/en\/wp-json\/wp\/v2\/types\/product"}],"wp:attachment":[{"href":"https:\/\/lcwwamericas.com\/en\/wp-json\/wp\/v2\/media?parent=169"}],"wp:term":[{"taxonomy":"product_brand","embeddable":true,"href":"https:\/\/lcwwamericas.com\/en\/wp-json\/wp\/v2\/product_brand?post=169"},{"taxonomy":"product_cat","embeddable":true,"href":"https:\/\/lcwwamericas.com\/en\/wp-json\/wp\/v2\/product_cat?post=169"},{"taxonomy":"product_tag","embeddable":true,"href":"https:\/\/lcwwamericas.com\/en\/wp-json\/wp\/v2\/product_tag?post=169"}],"curies":[{"name":"wp","href":"https:\/\/api.w.org\/{rel}","templated":true}]}}