{"id":165,"date":"2025-08-09T20:33:57","date_gmt":"2025-08-10T01:33:57","guid":{"rendered":"http:\/\/lcwwamericas.com\/?post_type=product&#038;p=165"},"modified":"2025-08-28T17:51:36","modified_gmt":"2025-08-28T22:51:36","slug":"certificacion-de-titulos","status":"publish","type":"product","link":"https:\/\/lcwwamericas.com\/en\/product\/certificacion-de-titulos\/","title":{"rendered":"TITLE CERTIFICATES"},"content":{"rendered":"<li>You\u2019ll be emailed confirmation of titles and you will need to purchase to recieve the certificates.<\/li>\n<li>Lifetime friends will recieve the title certificates automatically<\/li>\n<li>For more details please reach out to <a href=\"mailto:servicesamericas@lcwwgroup.com\"><strong>servicesamericas@lcwwgroup.com<\/strong><\/a><\/li>\n<p><strong>ALL OUTSTANDING TITLES MUST BE CLAIMED IN ORDER TO ISSUE HIGHER TITLES. A LCWW REGISTRATION number IS REQUIRED.<\/strong><\/p>\n<style>.quantity{display:none;}<\/style>","protected":false},"excerpt":{"rendered":"<p>Recibir\u00e1s un correo electr\u00f3nico de confirmaci\u00f3n de los t\u00edtulos y deber\u00e1s realizar una compra para recibir los certificados. Los amigos de toda la vida recibir\u00e1n los certificados de t\u00edtulo autom\u00e1ticamente. Para obtener m\u00e1s detalles, comun\u00edquese con servicesamericas@lcwwgroup.com Para emitir t\u00edtulos, es necesario reclamar todos los t\u00edtulos pendientes. Se requiere un n\u00famero de registro de la [&hellip;]<\/p>","protected":false},"featured_media":0,"template":"","meta":[],"product_brand":[],"product_cat":[17],"product_tag":[],"class_list":{"0":"post-165","1":"product","2":"type-product","3":"status-publish","5":"product_cat-sin-categorizar","6":"wcpa_has_options","8":"first","9":"instock","10":"shipping-taxable","11":"purchasable","12":"product-type-variable"},"_links":{"self":[{"href":"https:\/\/lcwwamericas.com\/en\/wp-json\/wp\/v2\/product\/165","targetHints":{"allow":["GET"]}}],"collection":[{"href":"https:\/\/lcwwamericas.com\/en\/wp-json\/wp\/v2\/product"}],"about":[{"href":"https:\/\/lcwwamericas.com\/en\/wp-json\/wp\/v2\/types\/product"}],"wp:attachment":[{"href":"https:\/\/lcwwamericas.com\/en\/wp-json\/wp\/v2\/media?parent=165"}],"wp:term":[{"taxonomy":"product_brand","embeddable":true,"href":"https:\/\/lcwwamericas.com\/en\/wp-json\/wp\/v2\/product_brand?post=165"},{"taxonomy":"product_cat","embeddable":true,"href":"https:\/\/lcwwamericas.com\/en\/wp-json\/wp\/v2\/product_cat?post=165"},{"taxonomy":"product_tag","embeddable":true,"href":"https:\/\/lcwwamericas.com\/en\/wp-json\/wp\/v2\/product_tag?post=165"}],"curies":[{"name":"wp","href":"https:\/\/api.w.org\/{rel}","templated":true}]}}